{"id":294,"date":"2014-10-26T13:11:14","date_gmt":"2014-11-26T13:11:14","guid":{"rendered":"https:\/\/demo.mekshq.com\/voice\/?page_id=294"},"modified":"2024-05-10T19:22:07","modified_gmt":"2024-05-10T22:22:07","slug":"contact","status":"publish","type":"page","link":"https:\/\/www.fundacionmarista.org.ar\/site\/contact\/","title":{"rendered":"Contacto"},"content":{"rendered":"\r\n<p>A trav\u00e9s de esta secci\u00f3n, podr\u00e1 contactarnos directamente por medio de nuestro formulario de contacto.<\/p>\r\n\r\n\r\n\n<div class=\"wpcf7 no-js\" id=\"wpcf7-f6-o1\" lang=\"es-AR\" dir=\"ltr\">\n<div class=\"screen-reader-response\"><p role=\"status\" aria-live=\"polite\" aria-atomic=\"true\"><\/p> <ul><\/ul><\/div>\n<form action=\"\/site\/wp-json\/wp\/v2\/pages\/294#wpcf7-f6-o1\" method=\"post\" class=\"wpcf7-form init\" aria-label=\"Formulario de contacto\" novalidate=\"novalidate\" data-status=\"init\">\n<div style=\"display: none;\">\n<input type=\"hidden\" name=\"_wpcf7\" value=\"6\" \/>\n<input type=\"hidden\" name=\"_wpcf7_version\" value=\"5.7.7\" \/>\n<input type=\"hidden\" name=\"_wpcf7_locale\" value=\"es_AR\" \/>\n<input type=\"hidden\" name=\"_wpcf7_unit_tag\" value=\"wpcf7-f6-o1\" \/>\n<input type=\"hidden\" name=\"_wpcf7_container_post\" value=\"0\" \/>\n<input type=\"hidden\" name=\"_wpcf7_posted_data_hash\" value=\"\" \/>\n<input type=\"hidden\" name=\"_wpcf7_recaptcha_response\" value=\"\" \/>\n<\/div>\n<p><label><br \/>\nSu Nombre *<br \/>\n<span class=\"wpcf7-form-control-wrap\" data-name=\"your-name\"><input size=\"40\" class=\"wpcf7-form-control wpcf7-text wpcf7-validates-as-required\" aria-required=\"true\" aria-invalid=\"false\" placeholder=\"Ingrese su nombre\" value=\"\" type=\"text\" name=\"your-name\" \/><\/span><br \/>\n<\/label>\n<\/p>\n<p><label><br \/>\nSu Email *<br \/>\n<span class=\"wpcf7-form-control-wrap\" data-name=\"your-email\"><input size=\"40\" class=\"wpcf7-form-control wpcf7-text wpcf7-email wpcf7-validates-as-required wpcf7-validates-as-email\" aria-required=\"true\" aria-invalid=\"false\" placeholder=\"Ingrese su email\" value=\"\" type=\"email\" name=\"your-email\" \/><\/span><br \/>\n<\/label>\n<\/p>\n<p><label><br \/>\nAsunto<br \/>\n<span class=\"wpcf7-form-control-wrap\" data-name=\"your-subject\"><input size=\"40\" class=\"wpcf7-form-control wpcf7-text\" aria-invalid=\"false\" placeholder=\"Asunto del mensaje\" value=\"\" type=\"text\" name=\"your-subject\" \/><\/span><br \/>\n<\/label>\n<\/p>\n<p><label><br \/>\nSu Mensaje *<br \/>\n<span class=\"wpcf7-form-control-wrap\" data-name=\"your-message\"><textarea cols=\"40\" rows=\"10\" class=\"wpcf7-form-control wpcf7-textarea wpcf7-validates-as-required\" aria-required=\"true\" aria-invalid=\"false\" placeholder=\"Escriba su mensaje aqu\u00ed\" name=\"your-message\"><\/textarea><\/span><br \/>\n<\/label>\n<\/p>\n<p><input class=\"wpcf7-form-control has-spinner wpcf7-submit\" type=\"submit\" value=\"Enviar\" \/>\n<\/p><p style=\"display: none !important;\" class=\"akismet-fields-container\" data-prefix=\"_wpcf7_ak_\"><label>&#916;<textarea name=\"_wpcf7_ak_hp_textarea\" cols=\"45\" rows=\"8\" maxlength=\"100\"><\/textarea><\/label><input type=\"hidden\" id=\"ak_js_1\" name=\"_wpcf7_ak_js\" value=\"14\"\/><script>document.getElementById( \"ak_js_1\" ).setAttribute( \"value\", ( new Date() ).getTime() );<\/script><\/p><div class=\"wpcf7-response-output\" aria-hidden=\"true\"><\/div>\n<\/form>\n<\/div>\n\n\r\n\r\n\r\n<h2 class=\"wp-block-heading\">\u00bfD\u00f3nde estamos?<\/h2>\r\n\r\n\r\n\r\n<p><iframe loading=\"lazy\" style=\"border: 0;\" src=\"https:\/\/www.google.com\/maps\/embed?pb=!1m18!1m12!1m3!1d3283.2056962704564!2d-58.39160292369806!3d-34.624241858583304!2m3!1f0!2f0!3f0!3m2!1i1024!2i768!4f13.1!3m3!1m2!1s0x95bccb2153a45ffb%3A0x8dcfcd3cf5dacd31!2sCochabamba%201652%2C%20C1148%20CABA!5e0!3m2!1ses!2sar!4v1684702007549!5m2!1ses!2sar\" width=\"100%\" height=\"450\" allowfullscreen=\"allowfullscreen\"><\/iframe><\/p>\r\n\r\n\r\n\r\n<p>Cochabamba 1652 &#8211; C1148ABF &#8211; CABA<br \/>Tel.: 011 &#8211; 4304-9898<\/p>\r\n\r\n\r\n","protected":false},"excerpt":{"rendered":"<p>A trav\u00e9s de esta secci\u00f3n, podr\u00e1 contactarnos directamente por medio de nuestro formulario de contacto. \u00bfD\u00f3nde estamos? Cochabamba 1652 &#8211; C1148ABF &#8211; CABATel.: 011 &#8211; 4304-9898<\/p>\n","protected":false},"author":4,"featured_media":0,"parent":0,"menu_order":0,"comment_status":"closed","ping_status":"closed","template":"","meta":{"footnotes":""},"rttpg_featured_image_url":null,"rttpg_author":{"display_name":"Comunicaci\u00f3n","author_link":"https:\/\/www.fundacionmarista.org.ar\/site\/author\/mrilo\/"},"rttpg_comment":0,"rttpg_category":null,"rttpg_excerpt":"A trav\u00e9s de esta secci\u00f3n, podr\u00e1 contactarnos directamente por medio de nuestro formulario de contacto. \u00bfD\u00f3nde estamos? Cochabamba 1652 &#8211; C1148ABF &#8211; CABATel.: 011 &#8211; 4304-9898","_links":{"self":[{"href":"https:\/\/www.fundacionmarista.org.ar\/site\/wp-json\/wp\/v2\/pages\/294"}],"collection":[{"href":"https:\/\/www.fundacionmarista.org.ar\/site\/wp-json\/wp\/v2\/pages"}],"about":[{"href":"https:\/\/www.fundacionmarista.org.ar\/site\/wp-json\/wp\/v2\/types\/page"}],"author":[{"embeddable":true,"href":"https:\/\/www.fundacionmarista.org.ar\/site\/wp-json\/wp\/v2\/users\/4"}],"replies":[{"embeddable":true,"href":"https:\/\/www.fundacionmarista.org.ar\/site\/wp-json\/wp\/v2\/comments?post=294"}],"version-history":[{"count":13,"href":"https:\/\/www.fundacionmarista.org.ar\/site\/wp-json\/wp\/v2\/pages\/294\/revisions"}],"predecessor-version":[{"id":2446,"href":"https:\/\/www.fundacionmarista.org.ar\/site\/wp-json\/wp\/v2\/pages\/294\/revisions\/2446"}],"wp:attachment":[{"href":"https:\/\/www.fundacionmarista.org.ar\/site\/wp-json\/wp\/v2\/media?parent=294"}],"curies":[{"name":"wp","href":"https:\/\/api.w.org\/{rel}","templated":true}]}}